{"id":44119,"date":"2023-08-14T22:07:27","date_gmt":"2023-08-14T22:07:27","guid":{"rendered":"https:\/\/bh.hu\/?page_id=44119"},"modified":"2024-06-11T12:19:16","modified_gmt":"2024-06-11T12:19:16","slug":"about-us","status":"publish","type":"page","link":"https:\/\/bh.hu\/en\/about-us\/","title":{"rendered":"About Us"},"content":{"rendered":"","protected":false},"excerpt":{"rendered":"","protected":false},"author":1,"featured_media":0,"parent":0,"menu_order":0,"comment_status":"closed","ping_status":"closed","template":"","meta":{"_acf_changed":false},"class_list":["post-44119","page","type-page","status-publish","hentry"],"acf":[],"yoast_head":"<!-- This site is optimized with the Yoast SEO plugin v22.0 - https:\/\/yoast.com\/wordpress\/plugins\/seo\/ -->\n<title>About Us - B\u00e1n\u00e1ti Hartvig \u00c9p\u00edt\u00e9sz Iroda<\/title>\n<meta name=\"robots\" content=\"index, follow, max-snippet:-1, max-image-preview:large, max-video-preview:-1\" \/>\n<link rel=\"canonical\" href=\"https:\/\/bh.hu\/en\/about-us\/\" \/>\n<meta property=\"og:locale\" content=\"en_US\" \/>\n<meta property=\"og:type\" content=\"article\" \/>\n<meta property=\"og:title\" content=\"About Us - B\u00e1n\u00e1ti Hartvig \u00c9p\u00edt\u00e9sz Iroda\" \/>\n<meta property=\"og:url\" content=\"https:\/\/bh.hu\/en\/about-us\/\" \/>\n<meta property=\"og:site_name\" content=\"B\u00e1n\u00e1ti Hartvig \u00c9p\u00edt\u00e9sz Iroda\" \/>\n<meta property=\"article:modified_time\" content=\"2024-06-11T12:19:16+00:00\" \/>\n<meta name=\"twitter:card\" content=\"summary_large_image\" \/>\n<script type=\"application\/ld+json\" class=\"yoast-schema-graph\">{\"@context\":\"https:\/\/schema.org\",\"@graph\":[{\"@type\":\"WebPage\",\"@id\":\"https:\/\/bh.hu\/en\/about-us\/\",\"url\":\"https:\/\/bh.hu\/en\/about-us\/\",\"name\":\"About Us - B\u00e1n\u00e1ti Hartvig \u00c9p\u00edt\u00e9sz Iroda\",\"isPartOf\":{\"@id\":\"https:\/\/bh.hu\/#website\"},\"datePublished\":\"2023-08-14T22:07:27+00:00\",\"dateModified\":\"2024-06-11T12:19:16+00:00\",\"inLanguage\":\"en-US\",\"potentialAction\":[{\"@type\":\"ReadAction\",\"target\":[\"https:\/\/bh.hu\/en\/about-us\/\"]}]},{\"@type\":\"WebSite\",\"@id\":\"https:\/\/bh.hu\/#website\",\"url\":\"https:\/\/bh.hu\/\",\"name\":\"B\u00e1n\u00e1ti Hartvig \u00c9p\u00edt\u00e9sz Iroda\",\"description\":\"\",\"potentialAction\":[{\"@type\":\"SearchAction\",\"target\":{\"@type\":\"EntryPoint\",\"urlTemplate\":\"https:\/\/bh.hu\/?s={search_term_string}\"},\"query-input\":\"required name=search_term_string\"}],\"inLanguage\":\"en-US\"}]}<\/script>\n<!-- \/ Yoast SEO plugin. -->","yoast_head_json":{"title":"About Us - B\u00e1n\u00e1ti Hartvig \u00c9p\u00edt\u00e9sz Iroda","robots":{"index":"index","follow":"follow","max-snippet":"max-snippet:-1","max-image-preview":"max-image-preview:large","max-video-preview":"max-video-preview:-1"},"canonical":"https:\/\/bh.hu\/en\/about-us\/","og_locale":"en_US","og_type":"article","og_title":"About Us - B\u00e1n\u00e1ti Hartvig \u00c9p\u00edt\u00e9sz Iroda","og_url":"https:\/\/bh.hu\/en\/about-us\/","og_site_name":"B\u00e1n\u00e1ti Hartvig \u00c9p\u00edt\u00e9sz Iroda","article_modified_time":"2024-06-11T12:19:16+00:00","twitter_card":"summary_large_image","schema":{"@context":"https:\/\/schema.org","@graph":[{"@type":"WebPage","@id":"https:\/\/bh.hu\/en\/about-us\/","url":"https:\/\/bh.hu\/en\/about-us\/","name":"About Us - B\u00e1n\u00e1ti Hartvig \u00c9p\u00edt\u00e9sz Iroda","isPartOf":{"@id":"https:\/\/bh.hu\/#website"},"datePublished":"2023-08-14T22:07:27+00:00","dateModified":"2024-06-11T12:19:16+00:00","inLanguage":"en-US","potentialAction":[{"@type":"ReadAction","target":["https:\/\/bh.hu\/en\/about-us\/"]}]},{"@type":"WebSite","@id":"https:\/\/bh.hu\/#website","url":"https:\/\/bh.hu\/","name":"B\u00e1n\u00e1ti Hartvig \u00c9p\u00edt\u00e9sz Iroda","description":"","potentialAction":[{"@type":"SearchAction","target":{"@type":"EntryPoint","urlTemplate":"https:\/\/bh.hu\/?s={search_term_string}"},"query-input":"required name=search_term_string"}],"inLanguage":"en-US"}]}},"_links":{"self":[{"href":"https:\/\/bh.hu\/en\/wp-json\/wp\/v2\/pages\/44119","targetHints":{"allow":["GET"]}}],"collection":[{"href":"https:\/\/bh.hu\/en\/wp-json\/wp\/v2\/pages"}],"about":[{"href":"https:\/\/bh.hu\/en\/wp-json\/wp\/v2\/types\/page"}],"author":[{"embeddable":true,"href":"https:\/\/bh.hu\/en\/wp-json\/wp\/v2\/users\/1"}],"replies":[{"embeddable":true,"href":"https:\/\/bh.hu\/en\/wp-json\/wp\/v2\/comments?post=44119"}],"version-history":[{"count":12,"href":"https:\/\/bh.hu\/en\/wp-json\/wp\/v2\/pages\/44119\/revisions"}],"predecessor-version":[{"id":47893,"href":"https:\/\/bh.hu\/en\/wp-json\/wp\/v2\/pages\/44119\/revisions\/47893"}],"wp:attachment":[{"href":"https:\/\/bh.hu\/en\/wp-json\/wp\/v2\/media?parent=44119"}],"curies":[{"name":"wp","href":"https:\/\/api.w.org\/{rel}","templated":true}]}}